{"id":8,"date":"2016-07-15T15:15:35","date_gmt":"2016-07-15T13:15:35","guid":{"rendered":"https:\/\/shangrila-wtc.ch\/?page_id=8"},"modified":"2024-09-27T14:32:51","modified_gmt":"2024-09-27T12:32:51","slug":"restaurant","status":"publish","type":"page","link":"https:\/\/shangrila-wtc.ch\/index.php\/restaurant\/","title":{"rendered":"Restaurant"},"content":{"rendered":"<p>&nbsp;<\/p>\n<p>C\u2019est dans un cadre somptueux et flambant neuf, en plein c\u0153ur du World Trade Center de Lausanne, que ce nouveau haut-lieu de la gastronomie asiatique a pris ses quartiers et vous propose 100 places int\u00e9rieures et une magnifique terrasse de 100 places \u00e9galement !<\/p>\n<p>&nbsp;<\/p>\n<p>En plus d\u2019\u00eatre tr\u00e8s facile d\u2019acc\u00e8s et tr\u00e8s agr\u00e9able avec ses 30 places de parc ext\u00e9rieures gratuites et son parking int\u00e9rieur de 120 places, le Shangri-La pr\u00e9sente aussi la particularit\u00e9 d\u2019\u00eatre le seul Restaurant \u00e0 vous proposer de la grande<span style=\"color: #000000;\"> cuisine chinoise<\/span>\u00a0!<\/p>\n<p>&nbsp;<\/p>\n<p>En effet, vous pourrez y d\u00e9guster d\u2019excellents plats chinois d\u00e9licieusement raffin\u00e9s, cela vous donne un petit avant-go\u00fbt de la qualit\u00e9 des mets et du service que nous vous proposons. Venez donc sans tarder d\u00e9couvrir plus de 60 plats de gastronomie chinoise aux saveurs d\u00e9licates et raffin\u00e9es.<\/p>\n","protected":false},"excerpt":{"rendered":"<p>&nbsp; C\u2019est dans un cadre somptueux et flambant neuf, en plein c\u0153ur du World Trade Center de Lausanne, que ce nouveau haut-lieu de la gastronomie asiatique a pris ses quartiers et vous propose 100 places int\u00e9rieures et une magnifique terrasse de 100 places \u00e9galement ! &nbsp; En plus d\u2019\u00eatre tr\u00e8s facile d\u2019acc\u00e8s et tr\u00e8s agr\u00e9able [&hellip;]<\/p>\n","protected":false},"author":1,"featured_media":740,"parent":0,"menu_order":0,"comment_status":"closed","ping_status":"closed","template":"template-page-3-col.php","meta":{"ngg_post_thumbnail":0,"footnotes":""},"class_list":["post-8","page","type-page","status-publish","has-post-thumbnail","hentry"],"_links":{"self":[{"href":"https:\/\/shangrila-wtc.ch\/index.php\/wp-json\/wp\/v2\/pages\/8","targetHints":{"allow":["GET"]}}],"collection":[{"href":"https:\/\/shangrila-wtc.ch\/index.php\/wp-json\/wp\/v2\/pages"}],"about":[{"href":"https:\/\/shangrila-wtc.ch\/index.php\/wp-json\/wp\/v2\/types\/page"}],"author":[{"embeddable":true,"href":"https:\/\/shangrila-wtc.ch\/index.php\/wp-json\/wp\/v2\/users\/1"}],"replies":[{"embeddable":true,"href":"https:\/\/shangrila-wtc.ch\/index.php\/wp-json\/wp\/v2\/comments?post=8"}],"version-history":[{"count":20,"href":"https:\/\/shangrila-wtc.ch\/index.php\/wp-json\/wp\/v2\/pages\/8\/revisions"}],"predecessor-version":[{"id":848,"href":"https:\/\/shangrila-wtc.ch\/index.php\/wp-json\/wp\/v2\/pages\/8\/revisions\/848"}],"wp:featuredmedia":[{"embeddable":true,"href":"https:\/\/shangrila-wtc.ch\/index.php\/wp-json\/wp\/v2\/media\/740"}],"wp:attachment":[{"href":"https:\/\/shangrila-wtc.ch\/index.php\/wp-json\/wp\/v2\/media?parent=8"}],"curies":[{"name":"wp","href":"https:\/\/api.w.org\/{rel}","templated":true}]}}