{"id":12,"date":"2016-07-15T15:16:03","date_gmt":"2016-07-15T13:16:03","guid":{"rendered":"https:\/\/shangrila-wtc.ch\/?page_id=12"},"modified":"2025-02-24T21:50:06","modified_gmt":"2025-02-24T20:50:06","slug":"les-plats","status":"publish","type":"page","link":"https:\/\/shangrila-wtc.ch\/index.php\/les-plats\/","title":{"rendered":"Menu"},"content":{"rendered":"<p><img loading=\"lazy\" decoding=\"async\" class=\"alignnone size-full wp-image-893\" src=\"https:\/\/shangrila-wtc.ch\/wp-content\/uploads\/2025\/02\/potages.jpg\" alt=\"potages\" width=\"1240\" height=\"1754\" srcset=\"https:\/\/shangrila-wtc.ch\/wp-content\/uploads\/2025\/02\/potages.jpg 1240w, https:\/\/shangrila-wtc.ch\/wp-content\/uploads\/2025\/02\/potages-212x300.jpg 212w, https:\/\/shangrila-wtc.ch\/wp-content\/uploads\/2025\/02\/potages-768x1086.jpg 768w, https:\/\/shangrila-wtc.ch\/wp-content\/uploads\/2025\/02\/potages-724x1024.jpg 724w\" sizes=\"auto, (max-width: 1240px) 100vw, 1240px\" \/><img loading=\"lazy\" decoding=\"async\" class=\"alignnone size-full wp-image-892\" src=\"https:\/\/shangrila-wtc.ch\/wp-content\/uploads\/2025\/02\/Hors-doeuvres.jpg\" alt=\"Hors d'oeuvres\" width=\"1240\" height=\"1754\" srcset=\"https:\/\/shangrila-wtc.ch\/wp-content\/uploads\/2025\/02\/Hors-doeuvres.jpg 1240w, https:\/\/shangrila-wtc.ch\/wp-content\/uploads\/2025\/02\/Hors-doeuvres-212x300.jpg 212w, https:\/\/shangrila-wtc.ch\/wp-content\/uploads\/2025\/02\/Hors-doeuvres-768x1086.jpg 768w, https:\/\/shangrila-wtc.ch\/wp-content\/uploads\/2025\/02\/Hors-doeuvres-724x1024.jpg 724w\" sizes=\"auto, (max-width: 1240px) 100vw, 1240px\" \/><img loading=\"lazy\" decoding=\"async\" class=\"alignnone size-full wp-image-891\" src=\"https:\/\/shangrila-wtc.ch\/wp-content\/uploads\/2025\/02\/Porc-Boeuf.jpg\" alt=\"Porc-Boeuf\" width=\"1240\" height=\"1754\" srcset=\"https:\/\/shangrila-wtc.ch\/wp-content\/uploads\/2025\/02\/Porc-Boeuf.jpg 1240w, https:\/\/shangrila-wtc.ch\/wp-content\/uploads\/2025\/02\/Porc-Boeuf-212x300.jpg 212w, https:\/\/shangrila-wtc.ch\/wp-content\/uploads\/2025\/02\/Porc-Boeuf-768x1086.jpg 768w, https:\/\/shangrila-wtc.ch\/wp-content\/uploads\/2025\/02\/Porc-Boeuf-724x1024.jpg 724w\" sizes=\"auto, (max-width: 1240px) 100vw, 1240px\" \/><img loading=\"lazy\" decoding=\"async\" class=\"alignnone size-full wp-image-890\" src=\"https:\/\/shangrila-wtc.ch\/wp-content\/uploads\/2025\/02\/Poulet-Crevettes.jpg\" alt=\"Poulet-Crevettes\" width=\"1240\" height=\"1754\" srcset=\"https:\/\/shangrila-wtc.ch\/wp-content\/uploads\/2025\/02\/Poulet-Crevettes.jpg 1240w, https:\/\/shangrila-wtc.ch\/wp-content\/uploads\/2025\/02\/Poulet-Crevettes-212x300.jpg 212w, https:\/\/shangrila-wtc.ch\/wp-content\/uploads\/2025\/02\/Poulet-Crevettes-768x1086.jpg 768w, https:\/\/shangrila-wtc.ch\/wp-content\/uploads\/2025\/02\/Poulet-Crevettes-724x1024.jpg 724w\" sizes=\"auto, (max-width: 1240px) 100vw, 1240px\" \/><img loading=\"lazy\" decoding=\"async\" class=\"alignnone size-full wp-image-889\" src=\"https:\/\/shangrila-wtc.ch\/wp-content\/uploads\/2025\/02\/Poisson-Canard.jpg\" alt=\"Poisson-Canard\" width=\"1240\" height=\"1754\" srcset=\"https:\/\/shangrila-wtc.ch\/wp-content\/uploads\/2025\/02\/Poisson-Canard.jpg 1240w, https:\/\/shangrila-wtc.ch\/wp-content\/uploads\/2025\/02\/Poisson-Canard-212x300.jpg 212w, https:\/\/shangrila-wtc.ch\/wp-content\/uploads\/2025\/02\/Poisson-Canard-768x1086.jpg 768w, https:\/\/shangrila-wtc.ch\/wp-content\/uploads\/2025\/02\/Poisson-Canard-724x1024.jpg 724w\" sizes=\"auto, (max-width: 1240px) 100vw, 1240px\" \/><img loading=\"lazy\" decoding=\"async\" class=\"alignnone size-full wp-image-888\" src=\"https:\/\/shangrila-wtc.ch\/wp-content\/uploads\/2025\/02\/Le\u0301gumes-Riz-Nouilles.jpg\" alt=\"Le\u0301gumes-Riz-Nouilles\" width=\"1240\" height=\"1754\" srcset=\"https:\/\/shangrila-wtc.ch\/wp-content\/uploads\/2025\/02\/Le\u0301gumes-Riz-Nouilles.jpg 1240w, https:\/\/shangrila-wtc.ch\/wp-content\/uploads\/2025\/02\/Le\u0301gumes-Riz-Nouilles-212x300.jpg 212w, https:\/\/shangrila-wtc.ch\/wp-content\/uploads\/2025\/02\/Le\u0301gumes-Riz-Nouilles-768x1086.jpg 768w, https:\/\/shangrila-wtc.ch\/wp-content\/uploads\/2025\/02\/Le\u0301gumes-Riz-Nouilles-724x1024.jpg 724w\" sizes=\"auto, (max-width: 1240px) 100vw, 1240px\" \/><\/p>\n<h2><img loading=\"lazy\" decoding=\"async\" class=\"alignnone size-full wp-image-826\" src=\"https:\/\/shangrila-wtc.ch\/wp-content\/uploads\/2024\/02\/Menu-a\u0300-lemporter-1.jpg\" alt=\"emporter shangrila\" width=\"3508\" height=\"2479\"><\/h2>\n<h2><img loading=\"lazy\" decoding=\"async\" class=\"alignnone size-full wp-image-827\" src=\"https:\/\/shangrila-wtc.ch\/wp-content\/uploads\/2024\/02\/Menu-a\u0300-lemporter-2.jpg\" alt=\"emporter shangrila\" width=\"3508\" height=\"2479\"><\/h2>\n<h2><a href=\"https:\/\/shangrila-wtc.ch\/wp-content\/uploads\/2024\/02\/Menu-a\u0300-lemporter.pdf\">Imprimer le menu emporter cliquez ici<\/a><\/h2>\n<h2>&nbsp;<\/h2>\n<p>&nbsp;<\/p>\n<p>&nbsp;<\/p>\n<h2>&nbsp;<\/h2>\n<p>&nbsp;<\/p>\n<p>&nbsp;<\/p>\n<p>&nbsp;<\/p>\n<hr>\n<p>&nbsp;<\/p>\n<h2>Exemple de nos plats<\/h2>\n<div id=\"wp-posts-carousel-1026939867\" class=\"compact-theme wp-posts-carousel owl-carousel\"><div class=\"wp-posts-carousel-slide slides-4\"><div class=\"wp-posts-carousel-container\"><div class=\"wp-posts-carousel-image\"><a href=\"https:\/\/shangrila-wtc.ch\/index.php\/dish\/boeuf-croustillant\/\" title=\"Read more Boeuf croustillant\"><img decoding=\"async\" alt=\"Boeuf croustillant\" style=\"max-width:100%;max-height:100%\" src=\"https:\/\/shangrila-wtc.ch\/wp-content\/uploads\/2016\/07\/boeuf_croustillant.jpg\"><\/a><\/div><div class=\"wp-posts-carousel-details\"><h3 class=\"wp-posts-carousel-title\"><a href=\"https:\/\/shangrila-wtc.ch\/index.php\/dish\/boeuf-croustillant\/\" title=\"Boeuf croustillant\">Boeuf croustillant<\/a><\/h3><\/div><\/div><\/div><div class=\"wp-posts-carousel-slide slides-4\"><div class=\"wp-posts-carousel-container\"><div class=\"wp-posts-carousel-image\"><a href=\"https:\/\/shangrila-wtc.ch\/index.php\/dish\/canard-laque\/\" title=\"Read more Canard laqu\u00e9\"><img decoding=\"async\" alt=\"Canard laqu\u00e9\" style=\"max-width:100%;max-height:100%\" src=\"https:\/\/shangrila-wtc.ch\/wp-content\/uploads\/2016\/07\/canard_laque.jpg\"><\/a><\/div><div class=\"wp-posts-carousel-details\"><h3 class=\"wp-posts-carousel-title\"><a href=\"https:\/\/shangrila-wtc.ch\/index.php\/dish\/canard-laque\/\" title=\"Canard laqu\u00e9\">Canard laqu\u00e9<\/a><\/h3><\/div><\/div><\/div><div class=\"wp-posts-carousel-slide slides-4\"><div class=\"wp-posts-carousel-container\"><div class=\"wp-posts-carousel-image\"><a href=\"https:\/\/shangrila-wtc.ch\/index.php\/dish\/poulet-croustillant-a-la-fraise\/\" title=\"Read more Poulet croustillant \u00e0 la fraise\"><img decoding=\"async\" alt=\"Poulet croustillant \u00e0 la fraise\" style=\"max-width:100%;max-height:100%\" src=\"https:\/\/shangrila-wtc.ch\/wp-content\/uploads\/2016\/07\/poulet_croustillant_fraise.jpg\"><\/a><\/div><div class=\"wp-posts-carousel-details\"><h3 class=\"wp-posts-carousel-title\"><a href=\"https:\/\/shangrila-wtc.ch\/index.php\/dish\/poulet-croustillant-a-la-fraise\/\" title=\"Poulet croustillant \u00e0 la fraise\">Poulet croustillant \u00e0 la fraise<\/a><\/h3><\/div><\/div><\/div><div class=\"wp-posts-carousel-slide slides-4\"><div class=\"wp-posts-carousel-container\"><div class=\"wp-posts-carousel-image\"><a href=\"https:\/\/shangrila-wtc.ch\/index.php\/dish\/boeuf-sichuan\/\" title=\"Read more Boeuf Sichuan\"><img decoding=\"async\" alt=\"Boeuf Sichuan\" style=\"max-width:100%;max-height:100%\" src=\"https:\/\/shangrila-wtc.ch\/wp-content\/uploads\/2016\/07\/boeuf_sichuan.jpg\"><\/a><\/div><div class=\"wp-posts-carousel-details\"><h3 class=\"wp-posts-carousel-title\"><a href=\"https:\/\/shangrila-wtc.ch\/index.php\/dish\/boeuf-sichuan\/\" title=\"Boeuf Sichuan\">Boeuf Sichuan<\/a><\/h3><\/div><\/div><\/div><div class=\"wp-posts-carousel-slide slides-4\"><div class=\"wp-posts-carousel-container\"><div class=\"wp-posts-carousel-image\"><a href=\"https:\/\/shangrila-wtc.ch\/index.php\/dish\/travers-de-porc-au-sel-et-poivre\/\" title=\"Read more Travers de porc au sel et poivre\"><img decoding=\"async\" alt=\"Travers de porc au sel et poivre\" style=\"max-width:100%;max-height:100%\" src=\"https:\/\/shangrila-wtc.ch\/wp-content\/uploads\/2016\/07\/travers_porc_au_sel_poivre.jpg\"><\/a><\/div><div class=\"wp-posts-carousel-details\"><h3 class=\"wp-posts-carousel-title\"><a href=\"https:\/\/shangrila-wtc.ch\/index.php\/dish\/travers-de-porc-au-sel-et-poivre\/\" title=\"Travers de porc au sel et poivre\">Travers de porc au sel et poivre<\/a><\/h3><\/div><\/div><\/div><div class=\"wp-posts-carousel-slide slides-4\"><div class=\"wp-posts-carousel-container\"><div class=\"wp-posts-carousel-image\"><a href=\"https:\/\/shangrila-wtc.ch\/index.php\/dish\/tofu-saute-style-maison\/\" title=\"Read more Tofu saut\u00e9 style maison\"><img decoding=\"async\" alt=\"Tofu saut\u00e9 style maison\" style=\"max-width:100%;max-height:100%\" src=\"https:\/\/shangrila-wtc.ch\/wp-content\/uploads\/2016\/08\/tofu_saute_style_maison.jpg\"><\/a><\/div><div class=\"wp-posts-carousel-details\"><h3 class=\"wp-posts-carousel-title\"><a href=\"https:\/\/shangrila-wtc.ch\/index.php\/dish\/tofu-saute-style-maison\/\" title=\"Tofu saut\u00e9 style maison\">Tofu saut\u00e9 style maison<\/a><\/h3><\/div><\/div><\/div><div class=\"wp-posts-carousel-slide slides-4\"><div class=\"wp-posts-carousel-container\"><div class=\"wp-posts-carousel-image\"><a href=\"https:\/\/shangrila-wtc.ch\/index.php\/dish\/pates-imperiaux-nem\/\" title=\"Read more P\u00e2t\u00e9s imp\u00e9riaux (N\u00eam)\"><img decoding=\"async\" alt=\"P\u00e2t\u00e9s imp\u00e9riaux (N\u00eam)\" style=\"max-width:100%;max-height:100%\" src=\"https:\/\/shangrila-wtc.ch\/wp-content\/uploads\/2016\/08\/pates_imperiaux_nem.jpg\"><\/a><\/div><div class=\"wp-posts-carousel-details\"><h3 class=\"wp-posts-carousel-title\"><a href=\"https:\/\/shangrila-wtc.ch\/index.php\/dish\/pates-imperiaux-nem\/\" title=\"P\u00e2t\u00e9s imp\u00e9riaux (N\u00eam)\">P\u00e2t\u00e9s imp\u00e9riaux (N\u00eam)<\/a><\/h3><\/div><\/div><\/div><div class=\"wp-posts-carousel-slide slides-4\"><div class=\"wp-posts-carousel-container\"><div class=\"wp-posts-carousel-image\"><a href=\"https:\/\/shangrila-wtc.ch\/index.php\/dish\/raviolis-speciaux\/\" title=\"Read more Raviolis sp\u00e9ciaux\"><img decoding=\"async\" alt=\"Raviolis sp\u00e9ciaux\" style=\"max-width:100%;max-height:100%\" src=\"https:\/\/shangrila-wtc.ch\/wp-content\/uploads\/2016\/08\/raviolis_speciaux.jpg\"><\/a><\/div><div class=\"wp-posts-carousel-details\"><h3 class=\"wp-posts-carousel-title\"><a href=\"https:\/\/shangrila-wtc.ch\/index.php\/dish\/raviolis-speciaux\/\" title=\"Raviolis sp\u00e9ciaux\">Raviolis sp\u00e9ciaux<\/a><\/h3><\/div><\/div><\/div><div class=\"wp-posts-carousel-slide slides-4\"><div class=\"wp-posts-carousel-container\"><div class=\"wp-posts-carousel-image\"><a href=\"https:\/\/shangrila-wtc.ch\/index.php\/dish\/crevettes-geantes-sauce-du-chef\/\" title=\"Read more Crevettes g\u00e9antes sauce du chef\"><img decoding=\"async\" alt=\"Crevettes g\u00e9antes sauce du chef\" style=\"max-width:100%;max-height:100%\" src=\"https:\/\/shangrila-wtc.ch\/wp-content\/uploads\/2016\/08\/crevettes_geantes_sauce_chef.jpg\"><\/a><\/div><div class=\"wp-posts-carousel-details\"><h3 class=\"wp-posts-carousel-title\"><a href=\"https:\/\/shangrila-wtc.ch\/index.php\/dish\/crevettes-geantes-sauce-du-chef\/\" title=\"Crevettes g\u00e9antes sauce du chef\">Crevettes g\u00e9antes sauce du chef<\/a><\/h3><\/div><\/div><\/div><div class=\"wp-posts-carousel-slide slides-4\"><div class=\"wp-posts-carousel-container\"><div class=\"wp-posts-carousel-image\"><a href=\"https:\/\/shangrila-wtc.ch\/index.php\/dish\/canard-laque-pekinois\/\" title=\"Read more Canard laqu\u00e9 p\u00e9kinois\"><img decoding=\"async\" alt=\"Canard laqu\u00e9 p\u00e9kinois\" style=\"max-width:100%;max-height:100%\" src=\"https:\/\/shangrila-wtc.ch\/wp-content\/uploads\/2016\/08\/canard_laque_pekinois.jpg\"><\/a><\/div><div class=\"wp-posts-carousel-details\"><h3 class=\"wp-posts-carousel-title\"><a href=\"https:\/\/shangrila-wtc.ch\/index.php\/dish\/canard-laque-pekinois\/\" title=\"Canard laqu\u00e9 p\u00e9kinois\">Canard laqu\u00e9 p\u00e9kinois<\/a><\/h3><\/div><\/div><\/div><\/div><script type=\"text\/javascript\">\n              jQuery(window).load(function(e) {\n                  var wpPostsCarousel1026939867 = jQuery(\"#wp-posts-carousel-1026939867\");\n                  wpPostsCarousel1026939867.owlCarousel({\n                      loop: 0,\n                      nav: false,\n                      navSpeed: 800,\n                      dots: true,\n                      dotsSpeed: 800,\n                      lazyLoad: false,\n                      autoplay: true,\n                      autoplayHoverPause: true,\n                      autoplayTimeout: 1200,\n                      autoplaySpeed:  800,\n                      margin: 60,\n                      stagePadding: 0,\n                      freeDrag: false,\n                      mouseDrag: true,\n                      touchDrag: false,\n                      slideBy: 1,\n                      fallbackEasing: \"linear\",\n                      responsiveClass: true,\n                      navText: [ \"previous\", \"next\" ],\n                      responsive:{\n                          0:{items: 1},\n                          600:{items: 2},\n                          1000:{items: 4}\n                          \n                      },\n                      autoHeight: true\n                  });\n                  wpPostsCarousel1026939867.on(\"mousewheel\", \".owl-stage\", function(e) {\n                if (e.deltaY > 0) {\n                    wpPostsCarousel1026939867.trigger(\"next.owl\");\n                } else {\n                    wpPostsCarousel1026939867.trigger(\"prev.owl\");\n                }\n                e.preventDefault();\n            });\n              });\n          <\/script>\n<p>&nbsp;<\/p>\n<p>&nbsp;<\/p>\n","protected":false},"excerpt":{"rendered":"<p>Imprimer le menu emporter cliquez ici &nbsp; &nbsp; &nbsp; &nbsp; &nbsp; &nbsp; &nbsp; &nbsp; Exemple de nos plats &nbsp; &nbsp;<\/p>\n","protected":false},"author":1,"featured_media":0,"parent":0,"menu_order":0,"comment_status":"closed","ping_status":"closed","template":"template-page.php","meta":{"ngg_post_thumbnail":0,"footnotes":""},"class_list":["post-12","page","type-page","status-publish","hentry"],"_links":{"self":[{"href":"https:\/\/shangrila-wtc.ch\/index.php\/wp-json\/wp\/v2\/pages\/12","targetHints":{"allow":["GET"]}}],"collection":[{"href":"https:\/\/shangrila-wtc.ch\/index.php\/wp-json\/wp\/v2\/pages"}],"about":[{"href":"https:\/\/shangrila-wtc.ch\/index.php\/wp-json\/wp\/v2\/types\/page"}],"author":[{"embeddable":true,"href":"https:\/\/shangrila-wtc.ch\/index.php\/wp-json\/wp\/v2\/users\/1"}],"replies":[{"embeddable":true,"href":"https:\/\/shangrila-wtc.ch\/index.php\/wp-json\/wp\/v2\/comments?post=12"}],"version-history":[{"count":53,"href":"https:\/\/shangrila-wtc.ch\/index.php\/wp-json\/wp\/v2\/pages\/12\/revisions"}],"predecessor-version":[{"id":199,"href":"https:\/\/shangrila-wtc.ch\/index.php\/wp-json\/wp\/v2\/pages\/12\/revisions\/199"}],"wp:attachment":[{"href":"https:\/\/shangrila-wtc.ch\/index.php\/wp-json\/wp\/v2\/media?parent=12"}],"curies":[{"name":"wp","href":"https:\/\/api.w.org\/{rel}","templated":true}]}}